{"id":348,"date":"2024-09-02T16:38:17","date_gmt":"2024-09-02T16:38:17","guid":{"rendered":"https:\/\/vanommenverzet.eu\/?page_id=348"},"modified":"2024-09-02T16:39:32","modified_gmt":"2024-09-02T16:39:32","slug":"mijn-profiel","status":"publish","type":"page","link":"https:\/\/vanommenverzet.eu\/?page_id=348","title":{"rendered":"Mijn Profiel"},"content":{"rendered":"\n<p>Jan van Ommen, 1937 in Amsterdam geboren. Zijn moeder werd april 1944 gearresteerd en ging daarna de weg Weteringschans, Vught en Ravensbr\u00fcck. Vandaar kwam ze oktober 1944 in het AL Agfa Kamerawerk in M\u00fcnchen. Verdere onderzoeken van Jan van Ommen betreffen de evacuatie van vrouwen uit Ravensbr\u00fcck en Hamburg naar Zweden, zie <a href=\"https:\/\/nl.vanommen.de\">https:\/\/nl.vanommen.de<\/a> en Nederlandse vrouwen in Horneburg (een buitenkamp van Neuengamme) en Reichenbach een buitenkamp van Gro\u00df Rosen.<\/p>\n\n\n\n<p>Jan van Ommen woont in Reinbek bij Hamburg. <\/p>\n","protected":false},"excerpt":{"rendered":"<p>Jan van Ommen, 1937 in Amsterdam geboren. Zijn moeder werd april 1944 gearresteerd en ging daarna de weg Weteringschans, Vught en Ravensbr\u00fcck. Vandaar kwam ze oktober 1944 in het AL Agfa Kamerawerk in M\u00fcnchen. Verdere onderzoeken van Jan van Ommen betreffen de evacuatie van vrouwen uit Ravensbr\u00fcck en Hamburg naar Zweden, zie https:\/\/nl.vanommen.de en Nederlandse &hellip; <a href=\"https:\/\/vanommenverzet.eu\/?page_id=348\" class=\"more-link\">Lees verder <span class=\"screen-reader-text\">&#8220;Mijn Profiel&#8221;<\/span><\/a><\/p>\n","protected":false},"author":1,"featured_media":0,"parent":0,"menu_order":0,"comment_status":"closed","ping_status":"closed","template":"","meta":{"footnotes":""},"class_list":["post-348","page","type-page","status-publish","hentry"],"_links":{"self":[{"href":"https:\/\/vanommenverzet.eu\/index.php?rest_route=\/wp\/v2\/pages\/348","targetHints":{"allow":["GET"]}}],"collection":[{"href":"https:\/\/vanommenverzet.eu\/index.php?rest_route=\/wp\/v2\/pages"}],"about":[{"href":"https:\/\/vanommenverzet.eu\/index.php?rest_route=\/wp\/v2\/types\/page"}],"author":[{"embeddable":true,"href":"https:\/\/vanommenverzet.eu\/index.php?rest_route=\/wp\/v2\/users\/1"}],"replies":[{"embeddable":true,"href":"https:\/\/vanommenverzet.eu\/index.php?rest_route=%2Fwp%2Fv2%2Fcomments&post=348"}],"version-history":[{"count":3,"href":"https:\/\/vanommenverzet.eu\/index.php?rest_route=\/wp\/v2\/pages\/348\/revisions"}],"predecessor-version":[{"id":352,"href":"https:\/\/vanommenverzet.eu\/index.php?rest_route=\/wp\/v2\/pages\/348\/revisions\/352"}],"wp:attachment":[{"href":"https:\/\/vanommenverzet.eu\/index.php?rest_route=%2Fwp%2Fv2%2Fmedia&parent=348"}],"curies":[{"name":"wp","href":"https:\/\/api.w.org\/{rel}","templated":true}]}}