{"id":232,"date":"2024-06-21T09:55:48","date_gmt":"2024-06-21T09:55:48","guid":{"rendered":"https:\/\/vanommenverzet.eu\/?page_id=232"},"modified":"2024-06-21T13:44:53","modified_gmt":"2024-06-21T13:44:53","slug":"zingen-in-het-concentratiekamp","status":"publish","type":"page","link":"https:\/\/vanommenverzet.eu\/?page_id=232","title":{"rendered":"Zingen in het concentratiekamp"},"content":{"rendered":"\n<p>Het volgende artikel &nbsp;van mijn moeder,&nbsp; Rennie van Ommen- de Vries, verscheen 2 oktober&nbsp; 1945 in \u201cOns weekblad\u201d &#8211; Nieuws en Advertentieblad voor Uithoorn, Mijdrecht, De Kwakel e.o.<\/p>\n\n\n\n<p class=\"has-text-align-center\"><strong>Vrouwen in de<br>concentratiekampen.<\/strong><\/p>\n\n\n\n<p>Als ik iets tot U zal zeggen over het onderwerp: Waarom we zongen in de gevangenkampen van Vught, Ravensbr\u00fcck en M\u00fcnchen, formuleer ik mijn onderwerp eigenlijk niet juist, want het zin\u00adgen begon reeds in de gevangenis. We zaten met z&#8217;n vieren in een eenpersoons cel; \u00e9\u00e9n had dan een krib en de andere drie sliepen op de grond. Toen ik dan de eerste avond lag, volgde na het \u201ewel te rusten&#8221; de mededeling van de celoudste aan de nieuwelinge: Nu gaan we nog voor onze kinderen zingen. En toen klonk het: \u201eIk ga slapen, ik ben moe&#8221; en \u201e&#8217;k Sluit mijn oogjes, &#8216;k vouw, mijn handjes&#8221;.<\/p>\n\n\n\n<p>We moesten dat natuurlijk heel zachtjes zingen, want het kon je straf kosten. Maar ik kon het toen nog niet! De gedachte, dat mijn eigen kinderen ongeveer op datzelfde uur datzelfde gebedje baden en ik hen hierna niet toe zou stoppen, liet me niet los. Ik kon niet zingen. Ik probeerde het wel, maar de woorden bleven me in de keel steken. Later ging dat allemaal veel, beter. Een van mijn kampvriendinnen zei eens: \u201eHet grootste verdriet is &#8230;. medelijden met jezelf te hebben&#8221;. Dat is een enorme waarheid.<\/p>\n\n\n\n<p>Toen ik eenmaal in Vught zat en begreep, dat ik voorlopig niet meer vrij zou komen, had ik kracht ontvangen om alles te dragen. Ik heb toen leren begrijpen, dat het <em>in alle omstandigheden<\/em> een Vaderhand is, die ons leidt.<\/p>\n\n\n\n<p>Ja, waarom zongen we? Omdat we leefden! Omdat we God moesten dienen!<\/p>\n\n\n\n<p>Eigenlijk zongen <em>wij<\/em> niet, maar Hij legde ons het lied in de mond.<\/p>\n\n\n\n<p>Toen we de eerste Zondag in Vught zaten, ging het fluisterend door de slaapzaal: \u201eOm twee uur samenkomst achter de Jodenbarak&#8221;. Daar gingen we dan, we waren alleen &#8217;s Zondagsmiddags vrij, op onze tenen tussen de sla\u00adpende Jodinnen door, die (toen nog) in de nachtdienst bij Philips waren.<\/p>\n\n\n\n<p>En dan, tussen de lege bedden, lazen we samen uit de Bijbel en daarna werd een overdenking voorgelezen, die door &#8217;t prikkeldraad dat ons scheidde van het mannenlager, gesmokkeld was. Een van de vrouwen bad en dan zongen we. U weet niet, wat dat was! Met zo&#8217;n 20 \u00e1 30 vrouwen onze psalmen of andere liederen te zingen. \u00c9\u00e9n stond op de uitkijk of er ook een Aufseherin kwam. Dan heette het: \u201eDikke lucht!&#8221; En het gezang verstomde. Want, er was niets, waaraan de Duitsers zon hekel hadden als aan ons zingen. Dat getuigde immers van onze veerkracht, die gebroken moest worden. En dat konden ze niet klaar krijgen.<\/p>\n\n\n\n<p>Op de gasmaskerfabriek in den Bosch hadden we een partizanenlied, dat via een jong meisje<a href=\"#_ftn1\" id=\"_ftnref1\">[1]<\/a>, dat 4 \u00e1 5 maanden in een z.g. \u201eEinzelhaft&#8221; in Haaren had gezeten, tot ons was gekomen. Die had het van een Engelandvaarder geleerd, die boven haar, eveneens in een eenzame cel zat. Dat was een prachtig lied en wat hebben we dat vaak gezongen. Het eerste, couplet was zo;<\/p>\n\n\n\n<p class=\"has-text-align-center\">Wij, zonen van een Staat,<\/p>\n\n\n\n<p class=\"has-text-align-center\">die nimmer heeft gebogen,<\/p>\n\n\n\n<p class=\"has-text-align-center\">wij zullen niet gedogen,<\/p>\n\n\n\n<p class=\"has-text-align-center\">dat vrijheid ondergaat!<\/p>\n\n\n\n<p class=\"has-text-align-center\">Wij zullen niet berusten<\/p>\n\n\n\n<p class=\"has-text-align-center\">aan onze, schone kusten,<\/p>\n\n\n\n<p class=\"has-text-align-center\">in vreemde heerschappij :<\/p>\n\n\n\n<p class=\"has-text-align-center\">Ons Holland <em>komt weer vrij!<\/em><\/p>\n\n\n\n<p>Toen kwam er een \u201eAufsehe\u00adrin&#8221; die in Nederland geboren was, en daarna mochten we dat vers niet meer zingen. <em>We neu\u00adrieden het dan maar!<\/em><\/p>\n\n\n\n<p>Op 6 September 1944 werden we met 750<a href=\"#_ftn2\" id=\"_ftnref2\">[2]<\/a> vrouwen in veewagens gestopt; in de onze waren er 82. We konden niet allen be\u00adhoorlijk zitten, &#8217;t was er &#8216;schemer\u00addonker en er kwam bijna geen lucht naar binnen. De deur ging op slot en we wisten niet, waar heen we gingen. Waarheen?<\/p>\n\n\n\n<p>Velen van ons hadden een \u201chopeloze toekomst\u201d. Want er waren \u201cvromen\u201d onder ons. En aan niets hadden de heren zo\u2019n hekel, als aan praktisch toegepast geloofsleven. Toen ik indertijd enige uren verhoord werd en mijn ondervrager niets wijzer geworden was, siste hij tussen de tanden: \u201cDas sind die Frommen\u201d (dat zijn de vromen!)<\/p>\n\n\n\n<p>&nbsp;We wisten dus dat ons een droevig lot wachtte. In de veewagen was het haast niet uit te houden. We moesten wel, of we wilden of niet, met onze klompen de houten jaloezie\u00ebn stuk timmeren om lucht te krijgen. Tegen een uur of vier gingen we rijden en toen het donker was, wisten we dat we Holland achter de rug hadden. Plots klonken er een paar heel mooie jonge meisjesstemmen: \u201cBlijf bij ons Heer, want d\u2019 avond is nabij\u201d <a href=\"#_ftn3\" id=\"_ftnref3\">[3]<\/a>. Een riep: \u201cStil, we gaan slapen!\u201d (Het was een vrouw, die voor zwarte handel zat en voor NSB\u2019er doorging). Maar de anderen zeiden: \u201eNee, doorzingen&#8221;. Toen werd het heel stil.<\/p>\n\n\n\n<p class=\"has-text-align-center\">Als and&#8217;re hulp m&#8217; ontbreekt, geluk m&#8217; ontvliedt:<\/p>\n\n\n\n<p class=\"has-text-align-center\">Der hulpelozen Hulp verlaat mij niet.<\/p>\n\n\n\n<p class=\"has-text-align-center\">Geen vijand vrees ik, als Gij bij me zijt.&nbsp;&nbsp;&nbsp;&nbsp;&nbsp;&nbsp;&nbsp;<\/p>\n\n\n\n<p class=\"has-text-align-center\">Tranen en leed zijn zonder bitterheid.&nbsp;&nbsp;&nbsp;&nbsp;&nbsp;&nbsp;&nbsp;&nbsp;&nbsp;&nbsp;&nbsp;&nbsp;&nbsp;&nbsp;&nbsp;&nbsp;&nbsp;&nbsp;<\/p>\n\n\n\n<p class=\"has-text-align-center\">Waar is, o dood, uw schrik, graf waar uw eer?<\/p>\n\n\n\n<p class=\"has-text-align-center\">Meer dan verwinnaar, blijf ik in den Heer!<\/p>\n\n\n\n<p>&nbsp;&nbsp; Misschien is er in het donker wel een traan gevloeid, maar toen er later gemitrailleerd werd, is er niet gevloekt, maar wel gebeden.<\/p>\n\n\n\n<p>&nbsp; Na drie dagen en nachten in die wagen geschud te zijn, werden we in F\u00fcrstenberg uitgeladen, de mannenwagens waren in Oranien\u00adburg<a href=\"#_ftn4\" id=\"_ftnref4\">[4]<\/a> afgehaakt, en toen moesten we lopen naar Ravensbr\u00fcck, het kamp waar ze ons in Vught en Den Bosch altijd mee gedreigd hadden als we \u201cstout\u201d waren.<\/p>\n\n\n\n<p><img decoding=\"async\" width=\"9\" height=\"10\" src=\"\">Nu, we kwamen er zingende aan. We sliepen die eerste nacht buiten in de sintels, ook toen het re\u00adgende, maar later moesten we met 11 vrouwen in vier eenper\u00adsoons bedden liggen. Ik sliep toen op het derde bed (driehoog). We konden er niet rechtop zit\u00adten en &#8217;t was er altijd schemerig. Wat zouden we dan zingen? En daar klonken onze psalmen:<\/p>\n\n\n\n<p class=\"has-text-align-center\">&nbsp;&nbsp;&nbsp;&nbsp; Zo ik niet had geloofd, dat in dit leven<\/p>\n\n\n\n<p class=\"has-text-align-center\">&nbsp;&nbsp;&nbsp;&nbsp;&nbsp;&nbsp;&nbsp;&nbsp;&nbsp;&nbsp;&nbsp;&nbsp;&nbsp; Mijn ziel Gods gunst en hulp genieten zou.<\/p>\n\n\n\n<p>En:<\/p>\n\n\n\n<p class=\"has-text-align-center\">&nbsp;&nbsp;&nbsp;&nbsp;&nbsp;&nbsp;&nbsp;&nbsp;&nbsp; God is mijn Licht, mijn Heil, wien zou ik vrezen?<\/p>\n\n\n\n<p>En ook mooie andere verzen als:<\/p>\n\n\n\n<p class=\"has-text-align-center\">Als ik maar weet,<\/p>\n\n\n\n<p class=\"has-text-align-center\">dat hier mijn weg<\/p>\n\n\n\n<p class=\"has-text-align-center\">door U, Heer,<\/p>\n\n\n\n<p class=\"has-text-align-center\">wordt bereid,<\/p>\n\n\n\n<p class=\"has-text-align-center\">en dat die weg, hoe moeilijk ook,<\/p>\n\n\n\n<p class=\"has-text-align-center\">me nader tot U leidt.<\/p>\n\n\n\n<p>&nbsp;&nbsp; Wat was dat heerlijk, als je dan uit alle hoeken van de zaal, hoor\u00adde, dat er meegezongen werd.<\/p>\n\n\n\n<p>&nbsp;&nbsp; &#8217;t Was of je heel dicht bij de hemel was. God trok ons uit de ellende tot Zich omhoog!<\/p>\n\n\n\n<p>&nbsp;&nbsp;&nbsp;&nbsp; Vlak naast ons lagen een paar meisjes van de z.g. \u201eKleefclub&#8221;<a href=\"#_ftn5\" id=\"_ftnref5\">[5]<\/a>, weermachtmeiden. Een er van \u201eZwarte Lilie&#8221; zei de volgende dag: \u201eDie versjes ken ik ook wel, ik heb in een Diaconessenhuis gewerkt&#8221;.<\/p>\n\n\n\n<p>Er schuilt zo\u2019n grote macht in het lied. Dat hebben we later in M\u00fcnchen zo vaak ondervonden. Daar konden we, na afloop van ons werk, in onze kamertjes vrij zingen. We hielden er geregeld samenkomsten en zongen daarna. Er waren vrouwen die, al lang niet meer in de kerk geweest waren, maar die nu kwamen om mee te zingen. Die hadden op de Zondagschool of zo Christelijke liederen geleerd. En die vergeten ze niet meer. Iedereen kende: \u201cEr ruist langs de &nbsp;wolken\u201d of \u201cVeilig in Jezus\u2019 armen\u201d of \u201c&#8217;t Scheepken onder Jezus&#8217; hoede\u201d. Om nu niet altijd op dezelfde versjes aangewezen te zijn, hebben we van kladpapier van de muni\u00adtiefabriek, waarop we werken moesten, boekjes gemaakt, waarin we veel mooie gezangen hebben geschreven. We noemden ze: \u201eLiederenbundel van de verstrooi\u00adde zusteren in M\u00fcnchen&#8221;. Die deelden we dan uit. U weet niet hoe fijn het was om met al die verschillende vrouwen, van tand\u00adartsen tot barmeiden, Chr. Ge\u00adreformeerden, Rooms Katholieken en Luthersen te zingen;<\/p>\n\n\n\n<p class=\"has-text-align-center\">\u00c9\u00e9n Naam is onze hope,<\/p>\n\n\n\n<p class=\"has-text-align-center\">\u00e9\u00e9n grond heeft Christus Kerk,<\/p>\n\n\n\n<p class=\"has-text-align-center\">Ze leeft uit \u00e9ne dope<\/p>\n\n\n\n<p class=\"has-text-align-center\">en is Zijn Scheppingswerk.<\/p>\n\n\n\n<p class=\"has-text-align-center\">\u00c9\u00e9n bede vouwt de handen,<\/p>\n\n\n\n<p class=\"has-text-align-center\">\u00e9\u00e9n zegen breekt het brood,<\/p>\n\n\n\n<p class=\"has-text-align-center\">\u00c9\u00e9n vuurbaak staat te branden<\/p>\n\n\n\n<p class=\"has-text-align-center\">bij &#8217;t naad&#8217;ren van de dood !<\/p>\n\n\n\n<p>\u00c9n hoe ontroerend altijd weer als we tot slot zongen : De Here zegene ons en behoede ons, de Heere doe Zijn aanschijn over ons lichten en zij ons genadig, de Heere zal onze uitgang en onze ingang bewaren van nu aan tot in alle eeuwigheid.<\/p>\n\n\n\n<p>Wat weten we, wat dat zingen betekend heeft of nog betekenen zal voor de vrouwen, die al lang niet meer baden, voor wie een lied herinneringen opwekte aan een vrome moeder; misschien was er maar \u00e9\u00e9n vrouw die God door ons zingen heeft willen trekken. Dan is er in de hemel blijdschap geweest.<\/p>\n\n\n\n<p>Waarlijk, de tijd der bezetting heeft niet alleen donkerheid op\u00adgeleverd.<\/p>\n\n\n\n<p>_____<\/p>\n\n\n\n<p><a href=\"#_ftnref1\" id=\"_ftn1\">[1]<\/a> Dat meisje was misschien Hetty Vo\u00fbte. De meeste vrouwen uit Haaren kwamen eerst kort voor het transport naar Ravensbr\u00fcck naar Vught maar Hetty Vo\u00fbte en Gisella Soehnlein waren in Haaren en in Den Bosch.<\/p>\n\n\n\n<p><a href=\"#_ftnref2\" id=\"_ftn2\">[2]<\/a> Het waren ongeveer 650<\/p>\n\n\n\n<p><a href=\"#_ftnref3\" id=\"_ftn3\">[3]<\/a> Dit lijkt op Gezang Nr. 392 naar \u201eabide with me; fast falls the eventide.<\/p>\n\n\n\n<p><a href=\"#_ftnref4\" id=\"_ftn4\">[4]<\/a> Het was het KZ Sachsenhausen<\/p>\n\n\n\n<p><a href=\"#_ftnref5\" id=\"_ftn5\">[5]<\/a> In andere berichten: \u201eHoera\u2018s\u201c, \u201eStootploeg\u201c &nbsp;of \u201eNachtvlinders\u201c &nbsp;<\/p>\n\n\n\n<figure class=\"wp-block-image size-large\"><img fetchpriority=\"high\" decoding=\"async\" width=\"1024\" height=\"738\" src=\"https:\/\/vanommenverzet.eu\/wp-content\/uploads\/2024\/06\/Jezus-Uw-verzoenend-sterven-1024x738.jpg\" alt=\"\" class=\"wp-image-240\" srcset=\"https:\/\/vanommenverzet.eu\/wp-content\/uploads\/2024\/06\/Jezus-Uw-verzoenend-sterven-1024x738.jpg 1024w, https:\/\/vanommenverzet.eu\/wp-content\/uploads\/2024\/06\/Jezus-Uw-verzoenend-sterven-300x216.jpg 300w, https:\/\/vanommenverzet.eu\/wp-content\/uploads\/2024\/06\/Jezus-Uw-verzoenend-sterven-768x553.jpg 768w, https:\/\/vanommenverzet.eu\/wp-content\/uploads\/2024\/06\/Jezus-Uw-verzoenend-sterven-1200x865.jpg 1200w, https:\/\/vanommenverzet.eu\/wp-content\/uploads\/2024\/06\/Jezus-Uw-verzoenend-sterven.jpg 1374w\" sizes=\"(max-width: 709px) 85vw, (max-width: 909px) 67vw, (max-width: 1362px) 62vw, 840px\" \/><\/figure>\n\n\n\n<p>Pagina uit \u201cLiederen bundel van de verstrooide zusteren in M\u00fcnchen\u201d. (was niet onderdeel van het krantenartiekel)De pagina rechts is de achterkant van het volgende lied XXVIII \u201c\u2019t is Uwe zaak o Hoofd en Heer\u201d<\/p>\n","protected":false},"excerpt":{"rendered":"<p>Het volgende artikel &nbsp;van mijn moeder,&nbsp; Rennie van Ommen- de Vries, verscheen 2 oktober&nbsp; 1945 in \u201cOns weekblad\u201d &#8211; Nieuws en Advertentieblad voor Uithoorn, Mijdrecht, De Kwakel e.o. Vrouwen in deconcentratiekampen. Als ik iets tot U zal zeggen over het onderwerp: Waarom we zongen in de gevangenkampen van Vught, Ravensbr\u00fcck en M\u00fcnchen, formuleer ik mijn &hellip; <a href=\"https:\/\/vanommenverzet.eu\/?page_id=232\" class=\"more-link\">Lees verder <span class=\"screen-reader-text\">&#8220;Zingen in het concentratiekamp&#8221;<\/span><\/a><\/p>\n","protected":false},"author":1,"featured_media":0,"parent":0,"menu_order":0,"comment_status":"closed","ping_status":"closed","template":"","meta":{"footnotes":""},"class_list":["post-232","page","type-page","status-publish","hentry"],"_links":{"self":[{"href":"https:\/\/vanommenverzet.eu\/index.php?rest_route=\/wp\/v2\/pages\/232","targetHints":{"allow":["GET"]}}],"collection":[{"href":"https:\/\/vanommenverzet.eu\/index.php?rest_route=\/wp\/v2\/pages"}],"about":[{"href":"https:\/\/vanommenverzet.eu\/index.php?rest_route=\/wp\/v2\/types\/page"}],"author":[{"embeddable":true,"href":"https:\/\/vanommenverzet.eu\/index.php?rest_route=\/wp\/v2\/users\/1"}],"replies":[{"embeddable":true,"href":"https:\/\/vanommenverzet.eu\/index.php?rest_route=%2Fwp%2Fv2%2Fcomments&post=232"}],"version-history":[{"count":5,"href":"https:\/\/vanommenverzet.eu\/index.php?rest_route=\/wp\/v2\/pages\/232\/revisions"}],"predecessor-version":[{"id":243,"href":"https:\/\/vanommenverzet.eu\/index.php?rest_route=\/wp\/v2\/pages\/232\/revisions\/243"}],"wp:attachment":[{"href":"https:\/\/vanommenverzet.eu\/index.php?rest_route=%2Fwp%2Fv2%2Fmedia&parent=232"}],"curies":[{"name":"wp","href":"https:\/\/api.w.org\/{rel}","templated":true}]}}