{"id":154,"date":"2024-06-15T15:53:29","date_gmt":"2024-06-15T15:53:29","guid":{"rendered":"https:\/\/vanommenverzet.eu\/?page_id=154"},"modified":"2026-04-06T13:48:48","modified_gmt":"2026-04-06T13:48:48","slug":"de-evacuatie-mars-en-de-achterblijvers-in-muenchen-de-getallen","status":"publish","type":"page","link":"https:\/\/vanommenverzet.eu\/?page_id=154","title":{"rendered":"De evacuatie mars en de achterblijvers in M\u00fcnchen \u2013 De getallen"},"content":{"rendered":"\n<p>Niet alle vrouwen gingen 27 april 1945 op de evacuatie mars naar het Zuiden. Dit is een overzicht van de terugkeer van de 192 Nederlandse overlevenden. Drie Nederlandse vrouwen stierven in Duitsland. Als het concentratiekamp \u201eAL Agfa Kamerawerk\u201c eind april 1945 ontruimd werd zijn volgens Rie Polak-Mair 60 vrouwen achtergebleven. De commandant had het de vrouwen overlaten wel of niet mee te gaan op de mars naar het Zuiden. Het overgrote deel der vrouwen verliet het kamp o.a. uit vrees voor oorlogsgeweld dat bij de verovering van M\u00fcnchen door de aanrukkende Amerikanen zou ontstaan. In tegenstelling tot de talrijke berichten over de barre voettocht naar het zuiden en de gelukkige bevrijding in Wolfratshausen, is er weinig bekend over de belevenissen van de achterblijvers in M\u00fcnchen. Behalve de achterblijvers in M\u00fcnchen bevonden zich enige vrouwen in het Revier (ziekenboeg) van het hoofdkamp Dachau. Uit een bericht in \u201cDe stem der lage landen\u201d<a href=\"#_ftn1\" id=\"_ftnref1\">[1]<\/a> heb ik 17 namen van Nederlandse vrouwen die achtergebleven in M\u00fcnchen en 12 in Dachau.<a href=\"#_ftn2\" id=\"_ftnref2\">[2]<\/a><\/p>\n\n\n\n<p>Rie Polak-Mair was een van de achterblijvers. Haar zoon Paul Peters stelde haar herinneringen samen in \u201eMijn moeder Rie Polak-Mair\u201c. Hier uit een brief aan haar kinderen, zie &#8220;Onderwerpen&#8221; voor de gehele brief :<\/p>\n\n\n\n<p><em>Vanmorgen <\/em><em>[27-4-45]<\/em><em> zijn 465 van ons, Polen, Nederlanders, enige Fransen, Belgen en een groep Joegoslaven met de commandant, Unterscharf\u00fchrer<a href=\"#_ftn3\" id=\"_ftnref3\"><strong>[3]<\/strong><\/a> [= korporaal] en enige SS de bergen ingegaan, om zich daar in veiligheid te brengen. Zestig<a href=\"#_ftn4\" id=\"_ftnref4\"><strong>[4]<\/strong><\/a> vrouwen hebben ervoor bedankt die kruistocht mee te maken en dat bleek later een goed besluit geweest te zijn want de eerste dag waren er al vele uitvallers. Ongetraind, slecht gevoed en slecht gekleed als wij waren moest zo&#8217;n onderneming wel op een mislukking uitlopen. De beschieting van M\u00fcnchen is tot nog toe uitgebleven en naar het schijnt zal dat ook zo&#8217;n vaart niet meer lopen, want heden de 30ste April heeft Himmler<a href=\"#_ftn5\" id=\"_ftnref5\"><strong>[5]<\/strong><\/a> de algehele capitulatie aan Rusland en de Anglo-Amerikanen aangeboden. Het kanongebulder dat sedert gisterenavond in heftigheid is toegenomen maar nog niet eens zo erg is, schijnt een strijd te zijn tussen de SS en de Freiheitsk\u00e4mpfer, die geholpen worden door de Anglo-Amerikanen. We hebben ons gereedgehouden om de bunker<a href=\"#_ftn6\" id=\"_ftnref6\"><strong>[6]<\/strong><\/a> te betrekken, maar tot heden is dat nog niet nodig geweest. Wij zijn nu H\u00e4ftlingen onder elkaar, wij zorgen voor onszelf, hebben bewegingsvrijheid en komen weer als vrije mensen met de buitenwereld in aanraking. Gisteren hebben we die vrijheid genomen, zijn met ons vieren onder het prikkeldraad doorgekropen en hebben onze eerste wandeling gemaakt. We zijn brutaalweg onderweg een restaurant binnengelopen, het bleek een kantine voor militairen te zijn, en hebben daar in een keurige omgeving een heerlijk bord stamppot gekregen, het eerste compacte eten na zoveel maanden. We zijn uitgehongerd. Toen we thuis kwamen was er eten uitgedeeld voor 5 dagen, t.w. ongeveer 300 gr. brood, 1 p. margarine, stuk smeerkaas en een heel klein stukje worst. Iedere dag krijgen we bovendien nog een bord aardappelsoep en 5 Pelkartoffeln. De rest zien we ergens op te halen. Vandaag is het ons met ons achten gelukt, d.w.z. de 8 flatbewoners, een stuk brood en een bord dikke soep op te pikken in de kantine van de fabriek. We hebben gisteren op onze wandeling verscheidene Hollanders ontmoet en gesproken. Van een jongmens kregen we 60 M.<a href=\"#_ftn7\" id=\"_ftnref7\"><strong>[7]<\/strong><\/a> om over wat geld te beschikken. We hoorden dat sedert Sept. in Holland al zo&#8217;n hongersnood heerste, waarover ik al in de couranten gelezen had, maar dat ik niet geloofd had. Holland kreeg 575 calorie p.p.p.d. las ik. De angst sloeg mij om het hart als ik aan jullie dacht. Hij vertelde mij ook dat Westerbork ook naar D. ge\u00ebvacueerd was. &#8216;k Heb nog altijd een kleine hoop dat Vader vrijgekomen is. Je wilt het zo graag geloven.<a href=\"#_ftn8\" id=\"_ftnref8\"><strong>[8]<\/strong><\/a><\/em><\/p>\n\n\n\n<p><em>30 April 1945: Vandaag is het 7de Amerikaanse leger M\u00fcnchen binnengetrokken. In het Lager hoorden we &#8217;s avonds het geluid van vele rijdende auto&#8217;s tot ons doordringen en naar de weg hollend zagen we de eerste Amerikanen voorbij rijden. Ons enthousiasme was onbeschrijfelijk. We riepen ze toe dat we Hollandse gevangenen waren en lieten het kruis op onze rug zien. We werden hartelijk toegewuifd. 1 mei kwamen al een paar Am. het kamp van ons in ogenschouw nemen. Ze vertelden ons van de vreselijke schouwspelen die ze in Dachau aangetroffen hadden en dat ze de commandant en zijn trawanten zonder vorm van proces opgehangen hadden en alle overige SS doodgeschoten hadden. Die dood is nog veel te mild geweest voor zulk onmenselijk tuig. De tegenstand in M\u00fcnchen is maar heel gering geweest. Er moeten nauwelijks 300 mensenlevens mee gemoeid geweest zijn. 1 mei is het defil\u00e9 geweest van de Amerikaanse troepen. \u2026 Ik heb helaas dat defil\u00e9 niet gezien. Onze kamer was erop uitgetrokken om levensmiddelen te bemachtigen. Een enorm groot gebouw van de SS werd leeggeplunderd\u2026Na maanden hebben we weer eens heerlijk kunnen eten.<\/em><\/p>\n\n\n\n<p>Tot zover de schildering van Rie Polak-Mair. Op 4 mei bezocht het ICRC (Internationale Rode Kruis) de vrouwen in M\u00fcnchen.<a href=\"#_ftn9\" id=\"_ftnref9\">[9]<\/a> Mijn moeder Renny van Ommen en Nel Niemantsverdriet waren na de bevrijding ook op bezoek bij de vrouwen in M\u00fcnchen. De twee waren met de anderen op 4 mei in F\u00f6hrenwald bij Wolfratshausen aangekomen. Daar werden ze (6 mei?) van Amerikaanse oorlogsverslaggevers overgehaald om voor hun in Gr\u00fcnwald te werken. Vanuit Gr\u00fcnwald zijn Renny en Nel een namiddag op geleende fietsen naar de achtergebleven vrouwen in M\u00fcnchen gegaan. Ze wilden o.a. Jo Goos bezoeken. Jo Goos staat niet bij de 17 in de \u201cStem der Lage Landen\u201d maar wel op de lijst van de St. James street.<\/p>\n\n\n\n<p>Om na te gaan vanwaar en hoe de Nederlandse vrouwen thuis kwamen hebben we behalve de bovengenoemde kampkrantjes van Dachau de volgende bronnen:<\/p>\n\n\n\n<ol class=\"wp-block-list\">\n<li>Artikel in de Waarheid van 31 mei 1945. Het artikel met de titel \u201cTerug in het leven bevat een reeks namen van mannen en vrouwen. O.a. 114 namen van Nederlandse \u201cAgfa-vrouwen\u201d. Dit zijn klaarblijkelijk \u201cAgfa-vrouwen\u201d die op de voetmars naar Wolfratshausen waren en vanuit F\u00f6hrenwald door het ICRC via Zwitserland, Frankrijk en Belgi\u00eb, Nederland bereikten.<\/li>\n\n\n\n<li>De lijst \u201cSt. James Street \u201d een lijst van de \u201cNetherlands Commissioner for Emigration\u201d met de opschrift \u201cPolitical Prisoners liberated since May 1945 from Germany\u201d<a href=\"#_ftn10\" id=\"_ftnref10\">[10]<\/a>. De lijst bevat 124 namen van \u201cAgfa vrouwen\u201d plus enige vrouwen en mannen uit Mauthausen.<a href=\"#_ftn11\" id=\"_ftnref11\">[11]<\/a> Tezamen bevatten de twee lijsten de namen van 147 van de 195 Nederlandse Agfa vrouwen.<\/li>\n\n\n\n<li>Inlichtingen over voortijdig vrijgelatene \u201cAgfa vrouwen\u201d op het \u201cDigitaal Monument Dachau\u201d van het Verzetsmuseum in Amsterdam.<\/li>\n\n\n\n<li>Verschillende biografie\u00ebn met gegevens over de terugreis.<\/li>\n<\/ol>\n\n\n\n<p>Met deze gegevens zijn twee lijsten samengesteld. De <a href=\"https:\/\/vanommenverzet.eu\/wp-content\/uploads\/2026\/04\/Waarheid-en-St-James.pdf\">eerste lijst<\/a> bevat 131 namen uit de lijsten van \u201cDe Waarheid\u201d en \u201cSt. James Street\u201d. De lijst \u201cSt. James Street\u201d bevat namelijk 16 namen van vrouwen die in M\u00fcnchen Giesing achter bleven. Deze 16 zijn in de <a href=\"https:\/\/vanommenverzet.eu\/wp-content\/uploads\/2026\/04\/Thuiskomst.pdf\">tweede lijst<\/a> \u201cThuiskomst\u201d opgenomen. In deze lijst zijn o.a. ook 21 namen opgenomen van vrouwen zonder duidelijke gegevens over waar ze bevrijd werden en hoe ze naar huis kwamen. Een aanleiding tot samenstelling van de twee lijsten was vasttestellen hoeveel van de oorspronkelijk 195 vrouwen op de evacuatiemars naar het Zuiden gingen en in Wolfratshausen bevrijd werden. Door de 21 met onbekende terugreis is dat niet met zekerheid te bepalen. Bovendien bevat de lijst \u201cSt. James Street\u201d misschien meer als de 16 bovengenoemde achterblijvers aan vrouwen die niet op de evacuatie mars gingen en in Wolfratshausen bevrijd werden. Van 35 vrouwen weten we met zekerheid, dat ze niet aan de mars hebben kunnen deelnemen. Zodoende zouden maximaal 160 Nederlandse vrouwen op mars zijn gegaan, in Wolfratshausen aangekomen zijn en via Zwitserland naar Nederland teruggekeerd zijn. De zes Haarense vrouwen die tijdens de evacuatiemars gevlucht waren zijn samen met de anderen via Zwitserland naar Nederland teruggekeerd. Vijf staan op de lijst \u201cDe Waarheid\u201d en of \u201cSt. James Street\u201d. Branca (Betty) Smit-Querido is daar niet bij maar ik neem aan dat zij dezelfde weg is gegaan. Uitgaand van de veronderstelling, dat alle vrouwen in het bericht van \u201cDe Waarheid\u201d en verdere vrouwen waarvan we weten dat ze op mars naar het Zuiden zijn gegaan, dan komen we op minimum 114 + 7 = 121.<\/p>\n\n\n\n<p>Toelichting tot de indeling van \u201cThuiskomst\u201d.<\/p>\n\n\n\n<ol class=\"wp-block-list\">\n<li>Drie vrouwen zijn in Duitsland gestorven. Johanna Kloet stierf 23 maart 1945 in Dachau, Dolly de Vries stierf 25 april 1945 in M\u00fcnchen en Cornelia Kegel 2 augustus in Landkreis Berchtesgaden. Hoe Cornelia Kegel in een Lager in Strub bij Berchtesgaden kwam is niet duidelijk. Ze kan bij de groep geweest zijn die 27 april 1945 op mars ging naar het Zuiden.<\/li>\n\n\n\n<li>Zes vrouwen zijn ongeveer februari 1945 vrijgelaten. Hoe en wanneer deze naar huis kwamen is niet bekend. Enige zijn tot na afloop van de oorlog in Dachau of M\u00fcnchen gebleven.<\/li>\n\n\n\n<li>Drie van de twaalf in de \u201cStemmen uit Dachau\u201d genoemde bevrijde vrouwen in het Revier in Dachau hoorden niet tot de \u201cAgfa vrouwen\u201d. Blijven negen over. Ze waren ziek en het duurde enige tijd voordat ze naar huis gingen. Olga Revermann kwam einde juni 1945 thuis.<a href=\"#_ftn12\" id=\"_ftnref12\">[12]<\/a> Liesbeth Hermsen werd als tyfus pati\u00ebnt door een Amerikaanse helikopter naar Maastricht gebracht.<a href=\"#_ftn13\" id=\"_ftnref13\">[13]<\/a>&nbsp;<\/li>\n\n\n\n<li>Van de 17 in \u201cDe stem der Lage Landen\u201d genoemde namen van vrouwen die in M\u00fcnchen achterbleven is een A. Beris geen \u201cAgfa vrouw\u201d. Van de resterende 16 staat alleen Franciska Vaesen niet op de lijst \u201cSt. James street\u201d. Met de bovengenoemde Jo Goos zijn er dus minstens 17 Nederlandse vrouwen in M\u00fcnchen achtergebleven. In het boven genoemde bericht kan men opmaken, dat Rie Polak-Mair 18 mei 1945 Duitsland verliet. Ik betwijfel, dat de achterblijvers in M\u00fcnchen gezamenlijk met de grote groep reisden maar wel ook via Zwitserland, Frankrijk en Belgi\u00eb. De grote groep verliet F\u00f6hrenwald (Wolfratshausen) 15 mei naar Zwitserland. Er kunnen meer als deze 17 Nederlandse vrouwen in M\u00fcnchen achtergebleven zijn. Jo Goos zelf noemde 19.<a href=\"#_ftn14\" id=\"_ftnref14\">[14]<\/a> &nbsp;<\/li>\n\n\n\n<li>Renny van Ommen en Nel Niemantsverdriet werden met een vliegtuig van de US Warpress naar Nederland gevlogen. Corry Langelaan-Besseling was voortijdig bij een bakker in Dachau tewerkgesteld en was te voet aan haar terugreis begonnen.<a href=\"#_ftn15\" id=\"_ftnref15\">[15]<\/a> Al snel raakte ze uitgeput en werd erg ziek omdat zij een bacterie aan haar voet had. Ze lag al buiten bewustzijn aan de kant van de weg toen een medewerker van het Rode kruis<a href=\"#_ftn16\" id=\"_ftnref16\">[16]<\/a> haar vond. Ze werd overgebracht naar een ziekenhuis in Zwitserland waar zij een aantal maanden verbleef. Daarna is zij met de trein alsnog in Den Haag aangekomen. Susy Tieleman trouwde met een Amerikaanse soldaat en vertrok naar Amerika.<\/li>\n\n\n\n<li>Van 21 vrouwen vind ik geen gegevens over hun bevrijding en thuisreis.<\/li>\n<\/ol>\n\n\n\n<p>De gastvrijheid van de familie Walser in Wolfratshausen blijft in gesprek. Nog 7 augustus 2021 verscheen hier over een artikel in de M\u00fcnchner Merkur. Aangezien het grote aantal vrouwen die bij Walser onderdak vonden is de blijvende herinnering aan deze episode meer als gerechtvaardigd. Over het aantal van de vrouwen die onderdak vonden zijn verschillende getallen in omloop. De prestatie van de familie Walser brengt mee, dat het getal, te hoog uitvalt. De eigenaar, boer Walser zelf gaf volgens het bovengenoemde artikel het aantal met 550 aan.<a href=\"#_ftn17\" id=\"_ftnref17\">[17]<\/a> In een artikelserie van de Isar-Loisach Bote uit 1965 noemt Ulrich Wimmer verschillende getallen.<a href=\"#_ftn18\" id=\"_ftnref18\">[18]<\/a> Eerst het met Walser overeenkomende getal 560 waarin de bewaking is ingesloten. Daarna 250 (die een dag later aankwamen). Vervolgens 140 Nederlandse vrouwen die de boerderij van Walser verlieten en 4 mei 1945 naar F\u00f6hrenwald gingen en 150 Poolse vrouwen die op de Walserhof terug bleven. Wimmer gaat er van uit, dat de Sloveense en Russische vrouwen al eerder naar F\u00f6hrenwald vertrokken waren. Zetten we het getal van de laatste groep als 30 aan, dan komen we op een totaal van 320. In de week na aankomst op de Walserhof zijn zeker een aantal vrouwen verdwenen. Bijvoorbeeld vrouwen die aansluiting vonden bij landgenoten die zich in de omgeving bevonden. Dit kunnen echter nauwelijks 550 \u2013 320 = 230 gewezen zijn. Volgens de transportlijsten bestond het Agfa Kommando einde oktober 1944 uit 556<a href=\"#_ftn19\" id=\"_ftnref19\">[19]<\/a> vrouwen. Kort voor de evacuatie zijn negen vrouwen uit het bordeel van Dachau in M\u00fcnchen Giesing daartoe gekomen.<a href=\"#_ftn20\" id=\"_ftnref20\">[20]<\/a> Een dag voor de evacuatie op 26 april 1945 werden gezamenlijk 539<a href=\"#_ftn21\" id=\"_ftnref21\">[21]<\/a> vrouwen geteld. Dan zouden 539 \u2013 60 = 479 vrouwen op weg naar het zuiden zijn gegaan. Hier boven noemt Rie Polak-Mair het aantal 465. Niet alle vrouwen die M\u00fcnchen Giesing 27 april 1945 verlieten zijn 28 april op de Walserhof aangekomen. Leni Leuvenberg schrijft: \u201cIn die nacht zijn velen er tussenuit geknepen, o.a. alle<a href=\"#_ftn22\" id=\"_ftnref22\">[22]<\/a> meisjes uit de Haarensche gevangenis\u201d. Zeker is dat zes Nederlandse vrouwen gevlucht zijn. Verder zijn enige vrouwen onderweg in een lazaret gebracht.<a href=\"#_ftn23\" id=\"_ftnref23\">[23]<\/a> Ik waag me aan een schatting, let wel, dat het getal 154 van op de Walserhof aangekomen Nederlandse vrouwen aan de hoogste kant is.<\/p>\n\n\n\n<figure class=\"wp-block-table\"><table><tbody><tr><td>Status<\/td><td>Niederl\u00e4nder<\/td><td>Sonstige<\/td><td>Gesamt<\/td><\/tr><tr><td>Bestand Oktober 1944 &nbsp;&nbsp;&nbsp;&nbsp;<\/td><td>195<\/td><td>361<\/td><td>556<\/td><\/tr><tr><td>Zugang 9.4.1945<\/td><td>&nbsp;<\/td><td>9<\/td><td>9<\/td><\/tr><tr><td>Weitere zu- und Abg\u00e4nge<\/td><td>&nbsp;<\/td><td>&nbsp;<\/td><td>14*<\/td><\/tr><tr><td>Entlassen oder verstorben oder andere weg nach Hause<\/td><td>8<\/td><td>&nbsp;<\/td><td>20*<\/td><\/tr><tr><td>Im Revier in Dachau<\/td><td>9<\/td><td>&nbsp;<\/td><td>20*<\/td><\/tr><tr><td>Gesamt<\/td><td>178<\/td><td>361<\/td><td>539<\/td><\/tr><tr><td>Bestand 26.4.1945 &nbsp;&nbsp;&nbsp;&nbsp;<\/td><td>&nbsp;<\/td><td>&nbsp;<\/td><td>539<\/td><\/tr><tr><td>In Gie\u00dfing geblieben<\/td><td>17<\/td><td>43<\/td><td>60<\/td><\/tr><tr><td>Kornelia Kegel 2.8.45 in Berchtesgaden gestorben<\/td><td>1<\/td><td>&nbsp;<\/td><td>1<\/td><\/tr><tr><td>Unterwegs gefl\u00fcchtet oder im Lazarett aufgenommen<\/td><td>6<\/td><td>&nbsp;<\/td><td>13*<\/td><\/tr><tr><td><strong>Angekommen am Walserhof<\/strong><\/td><td>154<\/td><td>&nbsp;<\/td><td><strong>465*<\/strong><\/td><\/tr><\/tbody><\/table><\/figure>\n\n\n\n<p>*) Geschat<\/p>\n\n\n\n<p>Facit: uit het AL Agfa Kamerawerk zijn hoogstens 465 vrouwen bij Walser in Wolfratshausen aangekomen. Dat er daar ongeveer gelijktijdig vrouwen uit andere kampen aankwamen is echter niet uitgesloten.<\/p>\n\n\n\n<hr class=\"wp-block-separator has-alpha-channel-opacity\"\/>\n\n\n\n<p><a href=\"#_ftnref1\" id=\"_ftn1\">[1]<\/a> Een krantje van de bevrijde Nederlanders in Dachau.<\/p>\n\n\n\n<p><a href=\"#_ftnref2\" id=\"_ftn2\">[2]<\/a> \u201eStemmen uit Dachau\u201c, ook een krantje van de bevrijde gevangenen<\/p>\n\n\n\n<p><a href=\"#_ftnref3\" id=\"_ftn3\">[3]<\/a> In het protocol van zijn proces heeft hij de rang van Second Lieutnant&nbsp;<\/p>\n\n\n\n<p><a href=\"#_ftnref4\" id=\"_ftn4\">[4]<\/a> Waarschijnlijk vrij nauwkeurig, het ICRC noemt 59 vrouwen.<\/p>\n\n\n\n<p><a href=\"#_ftnref5\" id=\"_ftn5\">[5]<\/a> Himmler heeft al voor de 30<sup>ste<\/sup> april geprobeerd om met de west geallieerden, niet met Rusland, een separate vrede te sluiten maar zover is het nooit gekomen. Hitler pleegde 30 april zelfmoord.<\/p>\n\n\n\n<p><a href=\"#_ftnref6\" id=\"_ftn6\">[6]<\/a> Schuilkelder<\/p>\n\n\n\n<p><a href=\"#_ftnref7\" id=\"_ftn7\">[7]<\/a> Reichsmark<\/p>\n\n\n\n<p><a href=\"#_ftnref8\" id=\"_ftn8\">[8]<\/a> Zeno Polak is 28-2-1945 in (of bij) Auschwitz overleden<\/p>\n\n\n\n<p><a href=\"#_ftnref9\" id=\"_ftn9\">[9]<\/a> \u201eDokumentation \u00fcber die T\u00e4tigkeit des Internationalen Komitees vom Roten Kreuz zugunsten der in den deutschen Konzentrationslagern inhaftierten Zivilpersonen\u201c<\/p>\n\n\n\n<p><a href=\"#_ftnref10\" id=\"_ftn10\">[10]<\/a> Doc. No. 78440059#1 (2.3.4.1\/0114\/0019) in conformity with the ITS Archives.<\/p>\n\n\n\n<p><a href=\"#_ftnref11\" id=\"_ftn11\">[11]<\/a> Concentratiekamp in Oostenrijk.<\/p>\n\n\n\n<p><a href=\"#_ftnref12\" id=\"_ftn12\">[12]<\/a> \u201eVrouwen en Verzet\u201c van Anneke Nolet.<\/p>\n\n\n\n<p><a href=\"#_ftnref13\" id=\"_ftn13\">[13]<\/a> \u201eVragenformulier, behorende bij de aanmelding voor de toekenning van een verzetsherdenkingskruis\u201c. Bezit van Margot Sybranda<\/p>\n\n\n\n<p><a href=\"#_ftnref14\" id=\"_ftn14\">[14]<\/a> Jos Sinnema<\/p>\n\n\n\n<p><a href=\"#_ftnref15\" id=\"_ftn15\">[15]<\/a> Uit een toespraak van Leonie van Rooij- Overgoor bij de opening van het Corry Besseling plantsoen. In het bezit van Huub van Rooij.<\/p>\n\n\n\n<p><a href=\"#_ftnref16\" id=\"_ftn16\">[16]<\/a> Waarschijnlijk het ICRC uit Zwitserland<\/p>\n\n\n\n<p><a href=\"#_ftnref17\" id=\"_ftn17\">[17]<\/a> In het proces tegen de commandant Stirnweis op 13 februari 1948<\/p>\n\n\n\n<p><a href=\"#_ftnref18\" id=\"_ftn18\">[18]<\/a> <a href=\"https:\/\/vanommenverzet.eu\/Auf%20dem%20Walserhof%20in%20Wolfratshausen.pdf\">Auf dem Walserhof in Wolfratshausen (vanommenverzet.eu)<\/a><\/p>\n\n\n\n<p><a href=\"#_ftnref19\" id=\"_ftn19\">[19]<\/a> <a href=\"https:\/\/vanommenverzet.eu\/Gesamt%20Agfa%20Uebersicht.pdf\">Gesamt Agfa \u00dcbersicht (vanommenverzet.eu)<\/a><\/p>\n\n\n\n<p><a href=\"#_ftnref20\" id=\"_ftn20\">[20]<\/a> Sabina Schalm \u201e\u00dcberleben durch Arbeit?\u201d Pagina 187<\/p>\n\n\n\n<p><a href=\"#_ftnref21\" id=\"_ftn21\">[21]<\/a> 0082_1.26_32789_002 Tif Datei Gedenkst\u00e4tte Dachau<\/p>\n\n\n\n<p><a href=\"#_ftnref22\" id=\"_ftn22\">[22]<\/a> Het waren niet alle vrouwen uit Haaren.<\/p>\n\n\n\n<p><a href=\"#_ftnref23\" id=\"_ftn23\">[23]<\/a> Memoires Mientje Proost<\/p>\n","protected":false},"excerpt":{"rendered":"<p>Niet alle vrouwen gingen 27 april 1945 op de evacuatie mars naar het Zuiden. Dit is een overzicht van de terugkeer van de 192 Nederlandse overlevenden. Drie Nederlandse vrouwen stierven in Duitsland. Als het concentratiekamp \u201eAL Agfa Kamerawerk\u201c eind april 1945 ontruimd werd zijn volgens Rie Polak-Mair 60 vrouwen achtergebleven. De commandant had het de &hellip; <a href=\"https:\/\/vanommenverzet.eu\/?page_id=154\" class=\"more-link\">Lees verder <span class=\"screen-reader-text\">&#8220;De evacuatie mars en de achterblijvers in M\u00fcnchen \u2013 De getallen&#8221;<\/span><\/a><\/p>\n","protected":false},"author":1,"featured_media":0,"parent":0,"menu_order":0,"comment_status":"closed","ping_status":"closed","template":"","meta":{"footnotes":""},"class_list":["post-154","page","type-page","status-publish","hentry"],"_links":{"self":[{"href":"https:\/\/vanommenverzet.eu\/index.php?rest_route=\/wp\/v2\/pages\/154","targetHints":{"allow":["GET"]}}],"collection":[{"href":"https:\/\/vanommenverzet.eu\/index.php?rest_route=\/wp\/v2\/pages"}],"about":[{"href":"https:\/\/vanommenverzet.eu\/index.php?rest_route=\/wp\/v2\/types\/page"}],"author":[{"embeddable":true,"href":"https:\/\/vanommenverzet.eu\/index.php?rest_route=\/wp\/v2\/users\/1"}],"replies":[{"embeddable":true,"href":"https:\/\/vanommenverzet.eu\/index.php?rest_route=%2Fwp%2Fv2%2Fcomments&post=154"}],"version-history":[{"count":7,"href":"https:\/\/vanommenverzet.eu\/index.php?rest_route=\/wp\/v2\/pages\/154\/revisions"}],"predecessor-version":[{"id":440,"href":"https:\/\/vanommenverzet.eu\/index.php?rest_route=\/wp\/v2\/pages\/154\/revisions\/440"}],"wp:attachment":[{"href":"https:\/\/vanommenverzet.eu\/index.php?rest_route=%2Fwp%2Fv2%2Fmedia&parent=154"}],"curies":[{"name":"wp","href":"https:\/\/api.w.org\/{rel}","templated":true}]}}